{"id":174,"date":"2023-10-06T14:42:12","date_gmt":"2023-10-06T12:42:12","guid":{"rendered":"https:\/\/lennonopera.com\/o-izdanju\/"},"modified":"2023-10-26T15:19:08","modified_gmt":"2023-10-26T13:19:08","slug":"about-the-release","status":"publish","type":"page","link":"https:\/\/lennonopera.com\/en\/about-the-release\/","title":{"rendered":"About the release"},"content":{"rendered":"<p>Stereo mix &amp; mastering &#8211; Goran Martinac, Croatia Records Studio<br \/>\nEnglish translation: Martin Mayhew, Graham McMaster<br \/>\nCopy Editor: Sanja Stojanovi\u0107 Stipanov<br \/>\nGraphic Design: Daniel Ille<br \/>\nEditors &#8211; Klaudija \u010cular, Marija Vidovi\u0107, Nikolina Mazalin<br \/>\nFor the Publisher &#8211; \u017delimir Babogredac<br \/>\nProduction i\u00a9 HRT &amp; CROATIA RECORDS, 2023.<\/p>\n<p><strong>TV Production of an opera performance:<br \/>\n<\/strong>Producent \/ Producer \u2013 Mate Letica<br \/>\nTon Engineers \u2013 Robert Tanaskovi\u0107, Davor Rado\u010daj<br \/>\nMusic Producers \u2013 Margareta Mihali\u0107, Robert Tanaskovi\u0107<br \/>\nSound Design \u2013 Davor Iljadica<br \/>\nDirector \u2013 Mirena Staj\u010di\u0107<br \/>\nEditor \u2013 Jana Haluza<br \/>\nHead of the Production Department Musical Contents Croatian Television \u2013 Petar Kre\u0161imir Peras<br \/>\nEditor of the Department Musical Contents Croatian Television &#8211; Elizabeth Homsi<\/p>\n","protected":false},"excerpt":{"rendered":"<p>Stereo mix &amp; mastering &#8211; Goran Martinac, Croatia Records Studio English translation: Martin Mayhew, Graham McMaster Copy Editor: Sanja Stojanovi\u0107 Stipanov Graphic Design: Daniel Ille Editors &#8211; Klaudija \u010cular, Marija Vidovi\u0107, Nikolina Mazalin For the Publisher &#8211; \u017delimir Babogredac Production i\u00a9 HRT &amp; CROATIA RECORDS, 2023. TV Production of an opera performance: Producent \/ Producer [&hellip;]<\/p>\n","protected":false},"author":1,"featured_media":0,"parent":0,"menu_order":0,"comment_status":"closed","ping_status":"closed","template":"template-o-izdanju.php","meta":{"footnotes":""},"class_list":["post-174","page","type-page","status-publish","hentry"],"acf":[],"yoast_head":"<!-- This site is optimized with the Yoast SEO plugin v21.5 - https:\/\/yoast.com\/wordpress\/plugins\/seo\/ -->\n<title>About the release - Lennon<\/title>\n<meta name=\"robots\" content=\"index, follow, max-snippet:-1, max-image-preview:large, max-video-preview:-1\" \/>\n<link rel=\"canonical\" href=\"https:\/\/lennonopera.com\/en\/about-the-release\/\" \/>\n<meta property=\"og:locale\" content=\"en_US\" \/>\n<meta property=\"og:type\" content=\"article\" \/>\n<meta property=\"og:title\" content=\"About the release - Lennon\" \/>\n<meta property=\"og:description\" content=\"Stereo mix &amp; mastering &#8211; Goran Martinac, Croatia Records Studio English translation: Martin Mayhew, Graham McMaster Copy Editor: Sanja Stojanovi\u0107 Stipanov Graphic Design: Daniel Ille Editors &#8211; Klaudija \u010cular, Marija Vidovi\u0107, Nikolina Mazalin For the Publisher &#8211; \u017delimir Babogredac Production i\u00a9 HRT &amp; CROATIA RECORDS, 2023. TV Production of an opera performance: Producent \/ Producer [&hellip;]\" \/>\n<meta property=\"og:url\" content=\"https:\/\/lennonopera.com\/en\/about-the-release\/\" \/>\n<meta property=\"og:site_name\" content=\"Lennon\" \/>\n<meta property=\"article:modified_time\" content=\"2023-10-26T13:19:08+00:00\" \/>\n<meta name=\"twitter:card\" content=\"summary_large_image\" \/>\n<meta name=\"twitter:label1\" content=\"Est. reading time\" \/>\n\t<meta name=\"twitter:data1\" content=\"1 minute\" \/>\n<script type=\"application\/ld+json\" class=\"yoast-schema-graph\">{\"@context\":\"https:\/\/schema.org\",\"@graph\":[{\"@type\":\"WebPage\",\"@id\":\"https:\/\/lennonopera.com\/en\/about-the-release\/\",\"url\":\"https:\/\/lennonopera.com\/en\/about-the-release\/\",\"name\":\"About the release - Lennon\",\"isPartOf\":{\"@id\":\"https:\/\/lennonopera.com\/#website\"},\"datePublished\":\"2023-10-06T12:42:12+00:00\",\"dateModified\":\"2023-10-26T13:19:08+00:00\",\"breadcrumb\":{\"@id\":\"https:\/\/lennonopera.com\/en\/about-the-release\/#breadcrumb\"},\"inLanguage\":\"en-US\",\"potentialAction\":[{\"@type\":\"ReadAction\",\"target\":[\"https:\/\/lennonopera.com\/en\/about-the-release\/\"]}]},{\"@type\":\"BreadcrumbList\",\"@id\":\"https:\/\/lennonopera.com\/en\/about-the-release\/#breadcrumb\",\"itemListElement\":[{\"@type\":\"ListItem\",\"position\":1,\"name\":\"Po\u010detna stranica\",\"item\":\"https:\/\/lennonopera.com\/en\/\"},{\"@type\":\"ListItem\",\"position\":2,\"name\":\"About the release\"}]},{\"@type\":\"WebSite\",\"@id\":\"https:\/\/lennonopera.com\/#website\",\"url\":\"https:\/\/lennonopera.com\/\",\"name\":\"Lennon Opera\",\"description\":\"Samo jo\u0161 jedna WordPress web-stranica\",\"publisher\":{\"@id\":\"https:\/\/lennonopera.com\/#\/schema\/person\/9630b3767dd97c0bac2abdd332506ec5\"},\"alternateName\":\"Opera Lennon Ivo Josipovi\u0107\",\"potentialAction\":[{\"@type\":\"SearchAction\",\"target\":{\"@type\":\"EntryPoint\",\"urlTemplate\":\"https:\/\/lennonopera.com\/?s={search_term_string}\"},\"query-input\":\"required name=search_term_string\"}],\"inLanguage\":\"en-US\"},{\"@type\":[\"Person\",\"Organization\"],\"@id\":\"https:\/\/lennonopera.com\/#\/schema\/person\/9630b3767dd97c0bac2abdd332506ec5\",\"name\":\"Croatia Records\",\"image\":{\"@type\":\"ImageObject\",\"inLanguage\":\"en-US\",\"@id\":\"https:\/\/lennonopera.com\/#\/schema\/person\/image\/\",\"url\":\"https:\/\/lennonopera.com\/wp-content\/uploads\/2023\/10\/o-izdanju-1.jpg\",\"contentUrl\":\"https:\/\/lennonopera.com\/wp-content\/uploads\/2023\/10\/o-izdanju-1.jpg\",\"width\":887,\"height\":887,\"caption\":\"Croatia Records\"},\"logo\":{\"@id\":\"https:\/\/lennonopera.com\/#\/schema\/person\/image\/\"}}]}<\/script>\n<!-- \/ Yoast SEO plugin. -->","yoast_head_json":{"title":"About the release - Lennon","robots":{"index":"index","follow":"follow","max-snippet":"max-snippet:-1","max-image-preview":"max-image-preview:large","max-video-preview":"max-video-preview:-1"},"canonical":"https:\/\/lennonopera.com\/en\/about-the-release\/","og_locale":"en_US","og_type":"article","og_title":"About the release - Lennon","og_description":"Stereo mix &amp; mastering &#8211; Goran Martinac, Croatia Records Studio English translation: Martin Mayhew, Graham McMaster Copy Editor: Sanja Stojanovi\u0107 Stipanov Graphic Design: Daniel Ille Editors &#8211; Klaudija \u010cular, Marija Vidovi\u0107, Nikolina Mazalin For the Publisher &#8211; \u017delimir Babogredac Production i\u00a9 HRT &amp; CROATIA RECORDS, 2023. TV Production of an opera performance: Producent \/ Producer [&hellip;]","og_url":"https:\/\/lennonopera.com\/en\/about-the-release\/","og_site_name":"Lennon","article_modified_time":"2023-10-26T13:19:08+00:00","twitter_card":"summary_large_image","twitter_misc":{"Est. reading time":"1 minute"},"schema":{"@context":"https:\/\/schema.org","@graph":[{"@type":"WebPage","@id":"https:\/\/lennonopera.com\/en\/about-the-release\/","url":"https:\/\/lennonopera.com\/en\/about-the-release\/","name":"About the release - Lennon","isPartOf":{"@id":"https:\/\/lennonopera.com\/#website"},"datePublished":"2023-10-06T12:42:12+00:00","dateModified":"2023-10-26T13:19:08+00:00","breadcrumb":{"@id":"https:\/\/lennonopera.com\/en\/about-the-release\/#breadcrumb"},"inLanguage":"en-US","potentialAction":[{"@type":"ReadAction","target":["https:\/\/lennonopera.com\/en\/about-the-release\/"]}]},{"@type":"BreadcrumbList","@id":"https:\/\/lennonopera.com\/en\/about-the-release\/#breadcrumb","itemListElement":[{"@type":"ListItem","position":1,"name":"Po\u010detna stranica","item":"https:\/\/lennonopera.com\/en\/"},{"@type":"ListItem","position":2,"name":"About the release"}]},{"@type":"WebSite","@id":"https:\/\/lennonopera.com\/#website","url":"https:\/\/lennonopera.com\/","name":"Lennon Opera","description":"Samo jo\u0161 jedna WordPress web-stranica","publisher":{"@id":"https:\/\/lennonopera.com\/#\/schema\/person\/9630b3767dd97c0bac2abdd332506ec5"},"alternateName":"Opera Lennon Ivo Josipovi\u0107","potentialAction":[{"@type":"SearchAction","target":{"@type":"EntryPoint","urlTemplate":"https:\/\/lennonopera.com\/?s={search_term_string}"},"query-input":"required name=search_term_string"}],"inLanguage":"en-US"},{"@type":["Person","Organization"],"@id":"https:\/\/lennonopera.com\/#\/schema\/person\/9630b3767dd97c0bac2abdd332506ec5","name":"Croatia Records","image":{"@type":"ImageObject","inLanguage":"en-US","@id":"https:\/\/lennonopera.com\/#\/schema\/person\/image\/","url":"https:\/\/lennonopera.com\/wp-content\/uploads\/2023\/10\/o-izdanju-1.jpg","contentUrl":"https:\/\/lennonopera.com\/wp-content\/uploads\/2023\/10\/o-izdanju-1.jpg","width":887,"height":887,"caption":"Croatia Records"},"logo":{"@id":"https:\/\/lennonopera.com\/#\/schema\/person\/image\/"}}]}},"_links":{"self":[{"href":"https:\/\/lennonopera.com\/en\/wp-json\/wp\/v2\/pages\/174","targetHints":{"allow":["GET"]}}],"collection":[{"href":"https:\/\/lennonopera.com\/en\/wp-json\/wp\/v2\/pages"}],"about":[{"href":"https:\/\/lennonopera.com\/en\/wp-json\/wp\/v2\/types\/page"}],"author":[{"embeddable":true,"href":"https:\/\/lennonopera.com\/en\/wp-json\/wp\/v2\/users\/1"}],"replies":[{"embeddable":true,"href":"https:\/\/lennonopera.com\/en\/wp-json\/wp\/v2\/comments?post=174"}],"version-history":[{"count":2,"href":"https:\/\/lennonopera.com\/en\/wp-json\/wp\/v2\/pages\/174\/revisions"}],"predecessor-version":[{"id":265,"href":"https:\/\/lennonopera.com\/en\/wp-json\/wp\/v2\/pages\/174\/revisions\/265"}],"wp:attachment":[{"href":"https:\/\/lennonopera.com\/en\/wp-json\/wp\/v2\/media?parent=174"}],"curies":[{"name":"wp","href":"https:\/\/api.w.org\/{rel}","templated":true}]}}