{"id":176,"date":"2023-10-04T16:48:10","date_gmt":"2023-10-04T14:48:10","guid":{"rendered":"https:\/\/lennonopera.com\/politika-privatnosti\/"},"modified":"2023-10-09T14:24:29","modified_gmt":"2023-10-09T12:24:29","slug":"politika-privatnosti","status":"publish","type":"page","link":"https:\/\/lennonopera.com\/en\/politika-privatnosti\/","title":{"rendered":"Privacy Policy"},"content":{"rendered":"\r\n<h2 class=\"wp-block-heading\">Tko smo mi<\/h2>\r\n\r\n\r\n\r\n<p><strong class=\"privacy-policy-tutorial\">Predlo\u017eeni tekst: <\/strong>Adresa na\u0161e web-stranice je: https:\/\/lennonopera.com.<\/p>\r\n\r\n\r\n\r\n<h2 class=\"wp-block-heading\">Komentari<\/h2>\r\n\r\n\r\n\r\n<p><strong class=\"privacy-policy-tutorial\">Predlo\u017eeni tekst: <\/strong>Kada posjetitelji napi\u0161u komentar na web-stranici mi prikupljamo podatke prikazane u formi komentara, i tako\u0111er IP adresu posjetitelja kao i string korisni\u010dkog agenta preglednika kako lak\u0161e detektirali spam.<\/p>\r\n\r\n\r\n\r\n<p>Mogu\u0107e je da je anonimiziran string kreiran iz va\u0161e adrese e-po\u0161te (koji se tako\u0111er zove hash) dostavljen Gravatar servisu kako bismo provjerili koristite li ga. Pravila privatnosti Gravatar servisa dostupna su ovdje: https:\/\/automattic.com\/privacy\/. Nakon odobrenja va\u0161eg komentara, va\u0161a profilna slika je javno vidljiva u kontekstu va\u0161eg komentara.<\/p>\r\n\r\n\r\n\r\n<h2 class=\"wp-block-heading\">Medij<\/h2>\r\n\r\n\r\n\r\n<p><strong class=\"privacy-policy-tutorial\">Predlo\u017eeni tekst: <\/strong>Ako prenesete sliku na web-stranicu, trebali biste izbjegavati prijenos slika koje imaju ugra\u0111ene podatke o lokaciji (EXIF GPS). Posjetitelji web-stranice mogu ih preuzeti i izdvojiti bilo koje podatke o lokaciji iz slika s web-stranice.<\/p>\r\n\r\n\r\n\r\n<h2 class=\"wp-block-heading\">Kola\u010di\u0107i<\/h2>\r\n\r\n\r\n\r\n<p><strong class=\"privacy-policy-tutorial\">Predlo\u017eeni tekst: <\/strong>Ako napi\u0161ete komentar na na\u0161oj web-stranici, mo\u017eete odabrati spremanje imena, adrese e-po\u0161te i web-stranice u kola\u010di\u0107e. To vam olak\u0161ava ponovno komentiranje, da ne morate ponovno unositi te informacije. Ovi kola\u010di\u0107i traju godinu dana.<\/p>\r\n\r\n\r\n\r\n<p>Ako posjetite na\u0161u stranicu za prijavu, postavit \u0107emo privremeni kola\u010di\u0107 kako bismo utvrdili prihva\u0107a li va\u0161 preglednik kola\u010di\u0107e. Ovaj kola\u010di\u0107 ne sadr\u017ei osobne podatke i bri\u0161e se kada ugasite preglednik.<\/p>\r\n\r\n\r\n\r\n<p>Kada se prijavite, tako\u0111er \u0107emo postaviti nekoliko kola\u010di\u0107a kako bismo sa\u010duvali va\u0161e podatke o prijavi i va\u0161e postavke zaslona. Kola\u010di\u0107i prijave traju dva dana, a kola\u010di\u0107i postavki zaslona traju godinu dana. Ako odaberete &#8220;Zapamti me&#8221;, va\u0161a prijava \u0107e trajati dva tjedna. Ako se odjavite s ra\u010duna, kola\u010di\u0107i prijave biti \u0107e uklonjeni.<\/p>\r\n\r\n\r\n\r\n<p>Ako uredite ili objavite \u010dlanak, dodatni kola\u010di\u0107 biti \u0107e spremljen u va\u0161em pregledniku. Ovaj kola\u010di\u0107 ne sadr\u017ei osobne podatke i samo ukazuje na ID objave \u010dlanka koji ste upravo uredili. Kola\u010di\u0107 istekne nakon 1 dana.<\/p>\r\n\r\n\r\n\r\n<h2 class=\"wp-block-heading\">Ugra\u0111eni sadr\u017eaj s drugih web-stranica<\/h2>\r\n\r\n\r\n\r\n<p><strong class=\"privacy-policy-tutorial\">Predlo\u017eeni tekst: <\/strong>\u010clanci na ovoj web-stranici mogu sadr\u017eavati ugra\u0111eni sadr\u017eaj (npr. video, slike, \u010dlanke, itd.). Ugra\u0111eni sadr\u017eaj sa drugih web-stranica pona\u0161a se istovjetno kao da je posjetitelj posjetio tu drugu web-stranicu.<\/p>\r\n\r\n\r\n\r\n<p>Ove web-stranice mo\u017eda prikupljaju podatke o vama, koriste kola\u010di\u0107e, imaju ugra\u0111eno dodatno pra\u0107enje od tre\u0107ih strana, i nadgledaju va\u0161u interakciju s tim ugra\u0111enim sadr\u017eajem, uklju\u010duju\u0107i pra\u0107enje va\u0161e interakcije s ugra\u0111enim sadr\u017eajem ako imate ra\u010dun i prijavljeni ste na web-stranici.<\/p>\r\n\r\n\r\n\r\n<h2 class=\"wp-block-heading\">S kime dijelimo va\u0161e podatke<\/h2>\r\n\r\n\r\n\r\n<p><strong class=\"privacy-policy-tutorial\">Predlo\u017eeni tekst: <\/strong>Ako zatra\u017eite ponovno postavljanje lozinke, va\u0161a IP adresa bit \u0107e uklju\u010dena u poruku e-po\u0161te za ponovno postavljanje.<\/p>\r\n\r\n\r\n\r\n<h2 class=\"wp-block-heading\">Koliko dugo \u010duvamo va\u0161e podatke<\/h2>\r\n\r\n\r\n\r\n<p><strong class=\"privacy-policy-tutorial\">Predlo\u017eeni tekst: <\/strong>Ako napi\u0161ete komentar, komentar i njegovi meta podaci su sa\u010duvani zauvijek. To je zato da mo\u017eemo automatski prepoznati i odobriti budu\u0107e komentare, umjesto da ih dr\u017eimo na \u010dekanju za odobrenje.<\/p>\r\n\r\n\r\n\r\n<p>Za korisnike koji se registriraju na na\u0161oj web-stranici (ako ih ima), mi tako\u0111er pohranjujemo osobne podatke koje navedu u njihovim korisni\u010dkim profilima, Svi korisnici mogu vidjeti, urediti, ili obrisati svoje osobne podatke u bilo koje vrijeme ( osim \u0161to ne mogu promijeniti svoje korisni\u010dko ime). Administratori web-stranice tako\u0111er mogu vidjeti i urediti te informacije.<\/p>\r\n\r\n\r\n\r\n<h2 class=\"wp-block-heading\">Koja prava imate nad svojim podacima<\/h2>\r\n\r\n\r\n\r\n<p><strong class=\"privacy-policy-tutorial\">Predlo\u017eeni tekst: <\/strong>Ako imate ra\u010dun na ovoj web-stranici, ili ste pisali komentare, mo\u017eete zatra\u017eiti primanje izvozne datoteke osobnih podataka koje imamo o vama, uklju\u010duju\u0107i sve podatke koje ste nam dostavili. Tako\u0111er mo\u017eete zatra\u017eiti brisanje svih osobnih podataka koje imamo o vama. Ovo ne uklju\u010duje bilo koje podatke koje smo obavezni dr\u017eati za administrativne, pravne ili sigurnosne namjene.<\/p>\r\n\r\n\r\n\r\n<h2 class=\"wp-block-heading\">Gdje \u0161aljemo va\u0161e podatke<\/h2>\r\n\r\n\r\n\r\n<p><strong class=\"privacy-policy-tutorial\">Predlo\u017eeni tekst: <\/strong>Komentari posjetitelja mogu se provjeriti putem automatske usluge za otkrivanje ne\u017eeljene po\u0161te.<\/p>\r\n","protected":false},"excerpt":{"rendered":"<p>Tko smo mi Predlo\u017eeni tekst: Adresa na\u0161e web-stranice je: https:\/\/lennonopera.com. Komentari Predlo\u017eeni tekst: Kada posjetitelji napi\u0161u komentar na web-stranici mi prikupljamo podatke prikazane u formi komentara, i tako\u0111er IP adresu posjetitelja kao i string korisni\u010dkog agenta preglednika kako lak\u0161e detektirali spam. Mogu\u0107e je da je anonimiziran string kreiran iz va\u0161e adrese e-po\u0161te (koji se tako\u0111er [&hellip;]<\/p>\n","protected":false},"author":1,"featured_media":0,"parent":0,"menu_order":0,"comment_status":"closed","ping_status":"open","template":"","meta":{"footnotes":""},"class_list":["post-176","page","type-page","status-publish","hentry"],"acf":[],"yoast_head":"<!-- This site is optimized with the Yoast SEO plugin v21.5 - https:\/\/yoast.com\/wordpress\/plugins\/seo\/ -->\n<title>Privacy Policy - Lennon<\/title>\n<meta name=\"robots\" content=\"index, follow, max-snippet:-1, max-image-preview:large, max-video-preview:-1\" \/>\n<link rel=\"canonical\" href=\"https:\/\/lennonopera.com\/en\/politika-privatnosti\/\" \/>\n<meta property=\"og:locale\" content=\"en_US\" \/>\n<meta property=\"og:type\" content=\"article\" \/>\n<meta property=\"og:title\" content=\"Privacy Policy - Lennon\" \/>\n<meta property=\"og:description\" content=\"Tko smo mi Predlo\u017eeni tekst: Adresa na\u0161e web-stranice je: https:\/\/lennonopera.com. Komentari Predlo\u017eeni tekst: Kada posjetitelji napi\u0161u komentar na web-stranici mi prikupljamo podatke prikazane u formi komentara, i tako\u0111er IP adresu posjetitelja kao i string korisni\u010dkog agenta preglednika kako lak\u0161e detektirali spam. Mogu\u0107e je da je anonimiziran string kreiran iz va\u0161e adrese e-po\u0161te (koji se tako\u0111er [&hellip;]\" \/>\n<meta property=\"og:url\" content=\"https:\/\/lennonopera.com\/en\/politika-privatnosti\/\" \/>\n<meta property=\"og:site_name\" content=\"Lennon\" \/>\n<meta property=\"article:modified_time\" content=\"2023-10-09T12:24:29+00:00\" \/>\n<meta name=\"twitter:card\" content=\"summary_large_image\" \/>\n<meta name=\"twitter:label1\" content=\"Est. reading time\" \/>\n\t<meta name=\"twitter:data1\" content=\"3 minutes\" \/>\n<script type=\"application\/ld+json\" class=\"yoast-schema-graph\">{\"@context\":\"https:\/\/schema.org\",\"@graph\":[{\"@type\":\"WebPage\",\"@id\":\"https:\/\/lennonopera.com\/en\/politika-privatnosti\/\",\"url\":\"https:\/\/lennonopera.com\/en\/politika-privatnosti\/\",\"name\":\"Privacy Policy - Lennon\",\"isPartOf\":{\"@id\":\"https:\/\/lennonopera.com\/#website\"},\"datePublished\":\"2023-10-04T14:48:10+00:00\",\"dateModified\":\"2023-10-09T12:24:29+00:00\",\"breadcrumb\":{\"@id\":\"https:\/\/lennonopera.com\/en\/politika-privatnosti\/#breadcrumb\"},\"inLanguage\":\"en-US\",\"potentialAction\":[{\"@type\":\"ReadAction\",\"target\":[\"https:\/\/lennonopera.com\/en\/politika-privatnosti\/\"]}]},{\"@type\":\"BreadcrumbList\",\"@id\":\"https:\/\/lennonopera.com\/en\/politika-privatnosti\/#breadcrumb\",\"itemListElement\":[{\"@type\":\"ListItem\",\"position\":1,\"name\":\"Po\u010detna stranica\",\"item\":\"https:\/\/lennonopera.com\/en\/\"},{\"@type\":\"ListItem\",\"position\":2,\"name\":\"Privacy Policy\"}]},{\"@type\":\"WebSite\",\"@id\":\"https:\/\/lennonopera.com\/#website\",\"url\":\"https:\/\/lennonopera.com\/\",\"name\":\"Lennon Opera\",\"description\":\"Samo jo\u0161 jedna WordPress web-stranica\",\"publisher\":{\"@id\":\"https:\/\/lennonopera.com\/#\/schema\/person\/9630b3767dd97c0bac2abdd332506ec5\"},\"alternateName\":\"Opera Lennon Ivo Josipovi\u0107\",\"potentialAction\":[{\"@type\":\"SearchAction\",\"target\":{\"@type\":\"EntryPoint\",\"urlTemplate\":\"https:\/\/lennonopera.com\/?s={search_term_string}\"},\"query-input\":\"required name=search_term_string\"}],\"inLanguage\":\"en-US\"},{\"@type\":[\"Person\",\"Organization\"],\"@id\":\"https:\/\/lennonopera.com\/#\/schema\/person\/9630b3767dd97c0bac2abdd332506ec5\",\"name\":\"Croatia Records\",\"image\":{\"@type\":\"ImageObject\",\"inLanguage\":\"en-US\",\"@id\":\"https:\/\/lennonopera.com\/#\/schema\/person\/image\/\",\"url\":\"https:\/\/lennonopera.com\/wp-content\/uploads\/2023\/10\/o-izdanju-1.jpg\",\"contentUrl\":\"https:\/\/lennonopera.com\/wp-content\/uploads\/2023\/10\/o-izdanju-1.jpg\",\"width\":887,\"height\":887,\"caption\":\"Croatia Records\"},\"logo\":{\"@id\":\"https:\/\/lennonopera.com\/#\/schema\/person\/image\/\"}}]}<\/script>\n<!-- \/ Yoast SEO plugin. -->","yoast_head_json":{"title":"Privacy Policy - Lennon","robots":{"index":"index","follow":"follow","max-snippet":"max-snippet:-1","max-image-preview":"max-image-preview:large","max-video-preview":"max-video-preview:-1"},"canonical":"https:\/\/lennonopera.com\/en\/politika-privatnosti\/","og_locale":"en_US","og_type":"article","og_title":"Privacy Policy - Lennon","og_description":"Tko smo mi Predlo\u017eeni tekst: Adresa na\u0161e web-stranice je: https:\/\/lennonopera.com. Komentari Predlo\u017eeni tekst: Kada posjetitelji napi\u0161u komentar na web-stranici mi prikupljamo podatke prikazane u formi komentara, i tako\u0111er IP adresu posjetitelja kao i string korisni\u010dkog agenta preglednika kako lak\u0161e detektirali spam. Mogu\u0107e je da je anonimiziran string kreiran iz va\u0161e adrese e-po\u0161te (koji se tako\u0111er [&hellip;]","og_url":"https:\/\/lennonopera.com\/en\/politika-privatnosti\/","og_site_name":"Lennon","article_modified_time":"2023-10-09T12:24:29+00:00","twitter_card":"summary_large_image","twitter_misc":{"Est. reading time":"3 minutes"},"schema":{"@context":"https:\/\/schema.org","@graph":[{"@type":"WebPage","@id":"https:\/\/lennonopera.com\/en\/politika-privatnosti\/","url":"https:\/\/lennonopera.com\/en\/politika-privatnosti\/","name":"Privacy Policy - Lennon","isPartOf":{"@id":"https:\/\/lennonopera.com\/#website"},"datePublished":"2023-10-04T14:48:10+00:00","dateModified":"2023-10-09T12:24:29+00:00","breadcrumb":{"@id":"https:\/\/lennonopera.com\/en\/politika-privatnosti\/#breadcrumb"},"inLanguage":"en-US","potentialAction":[{"@type":"ReadAction","target":["https:\/\/lennonopera.com\/en\/politika-privatnosti\/"]}]},{"@type":"BreadcrumbList","@id":"https:\/\/lennonopera.com\/en\/politika-privatnosti\/#breadcrumb","itemListElement":[{"@type":"ListItem","position":1,"name":"Po\u010detna stranica","item":"https:\/\/lennonopera.com\/en\/"},{"@type":"ListItem","position":2,"name":"Privacy Policy"}]},{"@type":"WebSite","@id":"https:\/\/lennonopera.com\/#website","url":"https:\/\/lennonopera.com\/","name":"Lennon Opera","description":"Samo jo\u0161 jedna WordPress web-stranica","publisher":{"@id":"https:\/\/lennonopera.com\/#\/schema\/person\/9630b3767dd97c0bac2abdd332506ec5"},"alternateName":"Opera Lennon Ivo Josipovi\u0107","potentialAction":[{"@type":"SearchAction","target":{"@type":"EntryPoint","urlTemplate":"https:\/\/lennonopera.com\/?s={search_term_string}"},"query-input":"required name=search_term_string"}],"inLanguage":"en-US"},{"@type":["Person","Organization"],"@id":"https:\/\/lennonopera.com\/#\/schema\/person\/9630b3767dd97c0bac2abdd332506ec5","name":"Croatia Records","image":{"@type":"ImageObject","inLanguage":"en-US","@id":"https:\/\/lennonopera.com\/#\/schema\/person\/image\/","url":"https:\/\/lennonopera.com\/wp-content\/uploads\/2023\/10\/o-izdanju-1.jpg","contentUrl":"https:\/\/lennonopera.com\/wp-content\/uploads\/2023\/10\/o-izdanju-1.jpg","width":887,"height":887,"caption":"Croatia Records"},"logo":{"@id":"https:\/\/lennonopera.com\/#\/schema\/person\/image\/"}}]}},"_links":{"self":[{"href":"https:\/\/lennonopera.com\/en\/wp-json\/wp\/v2\/pages\/176","targetHints":{"allow":["GET"]}}],"collection":[{"href":"https:\/\/lennonopera.com\/en\/wp-json\/wp\/v2\/pages"}],"about":[{"href":"https:\/\/lennonopera.com\/en\/wp-json\/wp\/v2\/types\/page"}],"author":[{"embeddable":true,"href":"https:\/\/lennonopera.com\/en\/wp-json\/wp\/v2\/users\/1"}],"replies":[{"embeddable":true,"href":"https:\/\/lennonopera.com\/en\/wp-json\/wp\/v2\/comments?post=176"}],"version-history":[{"count":1,"href":"https:\/\/lennonopera.com\/en\/wp-json\/wp\/v2\/pages\/176\/revisions"}],"predecessor-version":[{"id":188,"href":"https:\/\/lennonopera.com\/en\/wp-json\/wp\/v2\/pages\/176\/revisions\/188"}],"wp:attachment":[{"href":"https:\/\/lennonopera.com\/en\/wp-json\/wp\/v2\/media?parent=176"}],"curies":[{"name":"wp","href":"https:\/\/api.w.org\/{rel}","templated":true}]}}